{"id":6370,"date":"2017-01-19T15:10:33","date_gmt":"2017-01-19T14:10:33","guid":{"rendered":"https:\/\/www.seigneurs-du-rouergue.fr\/?page_id=6370\/"},"modified":"2017-03-16T10:19:35","modified_gmt":"2017-03-16T09:19:35","slug":"connexion","status":"publish","type":"page","link":"https:\/\/www.seigneurs-du-rouergue.fr\/en\/members\/connexion\/","title":{"rendered":"Connexion"},"content":{"rendered":"<h2>Hello\u00a0! \ud83d\ude42<\/h2>\n<p>Pour acc\u00e9der \u00e0 votre espace &#8220;membre version angalise&#8221; de la Route des Seigneurs, merci de compl\u00e9ter le formulaire ci-dessous.<\/p>\n<p>Si vous avez oubli\u00e9 vos codes d&#8217;acc\u00e8s, inscrivez votre adresse email afin de recevoir le lien pour r\u00e9g\u00e9n\u00e9rer votre mot de passe.<\/p>\n","protected":false},"excerpt":{"rendered":"<p>Hello\u00a0! \ud83d\ude42 Pour acc\u00e9der \u00e0 votre espace &#8220;membre version angalise&#8221; de la Route des Seigneurs, merci de compl\u00e9ter le formulaire [READ MORE&#8230;]<\/p>\n","protected":false},"author":21,"featured_media":0,"parent":6368,"menu_order":10,"comment_status":"closed","ping_status":"closed","template":"page-templates\/page-connexion.php","meta":{"footnotes":""},"class_list":["post-6370","page","type-page","status-publish","hentry"],"yoast_head":"<!-- This site is optimized with the Yoast SEO plugin v26.4 - https:\/\/yoast.com\/wordpress\/plugins\/seo\/ -->\n<title>Connexion - Castles in Rouergue (Aveyron, Lot, Tarn, Cantal)<\/title>\n<meta name=\"description\" content=\"Hello\u00a0! :) Pour acc\u00e9der \u00e0 votre espace &quot;membre version angalise&quot; de la Route des Seigneurs, merci de compl\u00e9ter le formulaire ci-dessous. Si vous avez - Castles in Rouergue (Aveyron, Lot, Tarn, Cantal)\" \/>\n<meta name=\"robots\" content=\"noindex, nofollow\" \/>\n<meta property=\"og:locale\" content=\"en_US\" \/>\n<meta property=\"og:type\" content=\"article\" \/>\n<meta property=\"og:title\" content=\"Connexion - Castles in Rouergue (Aveyron, Lot, Tarn, Cantal)\" \/>\n<meta property=\"og:description\" content=\"Hello\u00a0! :) Pour acc\u00e9der \u00e0 votre espace &quot;membre version angalise&quot; de la Route des Seigneurs, merci de compl\u00e9ter le formulaire ci-dessous. Si vous avez - Castles in Rouergue (Aveyron, Lot, Tarn, Cantal)\" \/>\n<meta property=\"og:url\" content=\"https:\/\/www.seigneurs-du-rouergue.fr\/en\/members\/connexion\/\" \/>\n<meta property=\"og:site_name\" content=\"Castles in Rouergue\" \/>\n<meta property=\"article:modified_time\" content=\"2017-03-16T09:19:35+00:00\" \/>\n<meta name=\"twitter:card\" content=\"summary_large_image\" \/>\n<script type=\"application\/ld+json\" class=\"yoast-schema-graph\">{\"@context\":\"https:\/\/schema.org\",\"@graph\":[{\"@type\":\"WebPage\",\"@id\":\"https:\/\/www.seigneurs-du-rouergue.fr\/en\/members\/connexion\/\",\"url\":\"https:\/\/www.seigneurs-du-rouergue.fr\/en\/members\/connexion\/\",\"name\":\"Connexion - Castles in Rouergue (Aveyron, Lot, Tarn, Cantal)\",\"isPartOf\":{\"@id\":\"https:\/\/www.seigneurs-du-rouergue.fr\/en\/#website\"},\"datePublished\":\"2017-01-19T14:10:33+00:00\",\"dateModified\":\"2017-03-16T09:19:35+00:00\",\"description\":\"Hello\u00a0! :) Pour acc\u00e9der \u00e0 votre espace \\\"membre version angalise\\\" de la Route des Seigneurs, merci de compl\u00e9ter le formulaire ci-dessous. Si vous avez - Castles in Rouergue (Aveyron, Lot, Tarn, Cantal)\",\"breadcrumb\":{\"@id\":\"https:\/\/www.seigneurs-du-rouergue.fr\/en\/members\/connexion\/#breadcrumb\"},\"inLanguage\":\"en-US\",\"potentialAction\":[{\"@type\":\"ReadAction\",\"target\":[\"https:\/\/www.seigneurs-du-rouergue.fr\/en\/members\/connexion\/\"]}]},{\"@type\":\"BreadcrumbList\",\"@id\":\"https:\/\/www.seigneurs-du-rouergue.fr\/en\/members\/connexion\/#breadcrumb\",\"itemListElement\":[{\"@type\":\"ListItem\",\"position\":1,\"name\":\"Accueil\",\"item\":\"https:\/\/www.seigneurs-du-rouergue.fr\/en\/welcome\/\"},{\"@type\":\"ListItem\",\"position\":2,\"name\":\"Members area\",\"item\":\"https:\/\/www.seigneurs-du-rouergue.fr\/en\/members\/\"},{\"@type\":\"ListItem\",\"position\":3,\"name\":\"Connexion\"}]},{\"@type\":\"WebSite\",\"@id\":\"https:\/\/www.seigneurs-du-rouergue.fr\/en\/#website\",\"url\":\"https:\/\/www.seigneurs-du-rouergue.fr\/en\/\",\"name\":\"La route des seigneurs du Rouergue\",\"description\":\"the Road of the Lords\",\"publisher\":{\"@id\":\"https:\/\/www.seigneurs-du-rouergue.fr\/en\/#organization\"},\"potentialAction\":[{\"@type\":\"SearchAction\",\"target\":{\"@type\":\"EntryPoint\",\"urlTemplate\":\"https:\/\/www.seigneurs-du-rouergue.fr\/en\/?s={search_term_string}\"},\"query-input\":{\"@type\":\"PropertyValueSpecification\",\"valueRequired\":true,\"valueName\":\"search_term_string\"}}],\"inLanguage\":\"en-US\"},{\"@type\":\"Organization\",\"@id\":\"https:\/\/www.seigneurs-du-rouergue.fr\/en\/#organization\",\"name\":\"La route des seigneurs du Rouergue\",\"url\":\"https:\/\/www.seigneurs-du-rouergue.fr\/en\/\",\"logo\":{\"@type\":\"ImageObject\",\"inLanguage\":\"en-US\",\"@id\":\"https:\/\/www.seigneurs-du-rouergue.fr\/en\/#\/schema\/logo\/image\/\",\"url\":\"https:\/\/www.seigneurs-du-rouergue.fr\/wp-content\/uploads\/LOGO-LA-ROUTE-HORIZONTAL-XL1-copier-1.jpg\",\"contentUrl\":\"https:\/\/www.seigneurs-du-rouergue.fr\/wp-content\/uploads\/LOGO-LA-ROUTE-HORIZONTAL-XL1-copier-1.jpg\",\"width\":2702,\"height\":1374,\"caption\":\"La route des seigneurs du Rouergue\"},\"image\":{\"@id\":\"https:\/\/www.seigneurs-du-rouergue.fr\/en\/#\/schema\/logo\/image\/\"}}]}<\/script>\n<!-- \/ Yoast SEO plugin. -->","yoast_head_json":{"title":"Connexion - Castles in Rouergue (Aveyron, Lot, Tarn, Cantal)","description":"Hello\u00a0! :) Pour acc\u00e9der \u00e0 votre espace \"membre version angalise\" de la Route des Seigneurs, merci de compl\u00e9ter le formulaire ci-dessous. Si vous avez - Castles in Rouergue (Aveyron, Lot, Tarn, Cantal)","robots":{"index":"noindex","follow":"nofollow"},"og_locale":"en_US","og_type":"article","og_title":"Connexion - Castles in Rouergue (Aveyron, Lot, Tarn, Cantal)","og_description":"Hello\u00a0! :) Pour acc\u00e9der \u00e0 votre espace \"membre version angalise\" de la Route des Seigneurs, merci de compl\u00e9ter le formulaire ci-dessous. Si vous avez - Castles in Rouergue (Aveyron, Lot, Tarn, Cantal)","og_url":"https:\/\/www.seigneurs-du-rouergue.fr\/en\/members\/connexion\/","og_site_name":"Castles in Rouergue","article_modified_time":"2017-03-16T09:19:35+00:00","twitter_card":"summary_large_image","schema":{"@context":"https:\/\/schema.org","@graph":[{"@type":"WebPage","@id":"https:\/\/www.seigneurs-du-rouergue.fr\/en\/members\/connexion\/","url":"https:\/\/www.seigneurs-du-rouergue.fr\/en\/members\/connexion\/","name":"Connexion - Castles in Rouergue (Aveyron, Lot, Tarn, Cantal)","isPartOf":{"@id":"https:\/\/www.seigneurs-du-rouergue.fr\/en\/#website"},"datePublished":"2017-01-19T14:10:33+00:00","dateModified":"2017-03-16T09:19:35+00:00","description":"Hello\u00a0! :) Pour acc\u00e9der \u00e0 votre espace \"membre version angalise\" de la Route des Seigneurs, merci de compl\u00e9ter le formulaire ci-dessous. Si vous avez - Castles in Rouergue (Aveyron, Lot, Tarn, Cantal)","breadcrumb":{"@id":"https:\/\/www.seigneurs-du-rouergue.fr\/en\/members\/connexion\/#breadcrumb"},"inLanguage":"en-US","potentialAction":[{"@type":"ReadAction","target":["https:\/\/www.seigneurs-du-rouergue.fr\/en\/members\/connexion\/"]}]},{"@type":"BreadcrumbList","@id":"https:\/\/www.seigneurs-du-rouergue.fr\/en\/members\/connexion\/#breadcrumb","itemListElement":[{"@type":"ListItem","position":1,"name":"Accueil","item":"https:\/\/www.seigneurs-du-rouergue.fr\/en\/welcome\/"},{"@type":"ListItem","position":2,"name":"Members area","item":"https:\/\/www.seigneurs-du-rouergue.fr\/en\/members\/"},{"@type":"ListItem","position":3,"name":"Connexion"}]},{"@type":"WebSite","@id":"https:\/\/www.seigneurs-du-rouergue.fr\/en\/#website","url":"https:\/\/www.seigneurs-du-rouergue.fr\/en\/","name":"La route des seigneurs du Rouergue","description":"the Road of the Lords","publisher":{"@id":"https:\/\/www.seigneurs-du-rouergue.fr\/en\/#organization"},"potentialAction":[{"@type":"SearchAction","target":{"@type":"EntryPoint","urlTemplate":"https:\/\/www.seigneurs-du-rouergue.fr\/en\/?s={search_term_string}"},"query-input":{"@type":"PropertyValueSpecification","valueRequired":true,"valueName":"search_term_string"}}],"inLanguage":"en-US"},{"@type":"Organization","@id":"https:\/\/www.seigneurs-du-rouergue.fr\/en\/#organization","name":"La route des seigneurs du Rouergue","url":"https:\/\/www.seigneurs-du-rouergue.fr\/en\/","logo":{"@type":"ImageObject","inLanguage":"en-US","@id":"https:\/\/www.seigneurs-du-rouergue.fr\/en\/#\/schema\/logo\/image\/","url":"https:\/\/www.seigneurs-du-rouergue.fr\/wp-content\/uploads\/LOGO-LA-ROUTE-HORIZONTAL-XL1-copier-1.jpg","contentUrl":"https:\/\/www.seigneurs-du-rouergue.fr\/wp-content\/uploads\/LOGO-LA-ROUTE-HORIZONTAL-XL1-copier-1.jpg","width":2702,"height":1374,"caption":"La route des seigneurs du Rouergue"},"image":{"@id":"https:\/\/www.seigneurs-du-rouergue.fr\/en\/#\/schema\/logo\/image\/"}}]}},"_links":{"self":[{"href":"https:\/\/www.seigneurs-du-rouergue.fr\/en\/wp-json\/wp\/v2\/pages\/6370","targetHints":{"allow":["GET"]}}],"collection":[{"href":"https:\/\/www.seigneurs-du-rouergue.fr\/en\/wp-json\/wp\/v2\/pages"}],"about":[{"href":"https:\/\/www.seigneurs-du-rouergue.fr\/en\/wp-json\/wp\/v2\/types\/page"}],"author":[{"embeddable":true,"href":"https:\/\/www.seigneurs-du-rouergue.fr\/en\/wp-json\/wp\/v2\/users\/21"}],"replies":[{"embeddable":true,"href":"https:\/\/www.seigneurs-du-rouergue.fr\/en\/wp-json\/wp\/v2\/comments?post=6370"}],"version-history":[{"count":1,"href":"https:\/\/www.seigneurs-du-rouergue.fr\/en\/wp-json\/wp\/v2\/pages\/6370\/revisions"}],"predecessor-version":[{"id":6377,"href":"https:\/\/www.seigneurs-du-rouergue.fr\/en\/wp-json\/wp\/v2\/pages\/6370\/revisions\/6377"}],"up":[{"embeddable":true,"href":"https:\/\/www.seigneurs-du-rouergue.fr\/en\/wp-json\/wp\/v2\/pages\/6368"}],"wp:attachment":[{"href":"https:\/\/www.seigneurs-du-rouergue.fr\/en\/wp-json\/wp\/v2\/media?parent=6370"}],"curies":[{"name":"wp","href":"https:\/\/api.w.org\/{rel}","templated":true}]}}